{"id":25,"date":"2023-12-16T00:24:49","date_gmt":"2023-12-16T00:24:49","guid":{"rendered":"https:\/\/carla-tavares.com\/?page_id=25"},"modified":"2024-02-01T20:03:26","modified_gmt":"2024-02-01T23:03:26","slug":"ceramica","status":"publish","type":"page","link":"https:\/\/carla-tavares.com\/en\/ceramica\/","title":{"rendered":"Ceramic"},"content":{"rendered":"<div data-elementor-type=\"wp-page\" data-elementor-id=\"25\" class=\"elementor elementor-25\" data-elementor-post-type=\"page\">\n\t\t\t\t<div class=\"elementor-element elementor-element-c345cb4 e-con-full e-flex e-con e-parent\" data-id=\"c345cb4\" data-element_type=\"container\" data-settings=\"{&quot;content_width&quot;:&quot;full&quot;,&quot;jet_parallax_layout_list&quot;:[]}\" data-core-v316-plus=\"true\">\n\t\t\t\t<div class=\"elementor-element elementor-element-53c8b4f elementor-widget elementor-widget-heading\" data-id=\"53c8b4f\" data-element_type=\"widget\" data-widget_type=\"heading.default\">\n\t\t\t\t<div class=\"elementor-widget-container\">\n\t\t\t<style>\/*! elementor - v3.19.0 - 07-02-2024 *\/\n.elementor-heading-title{padding:0;margin:0;line-height:1}.elementor-widget-heading .elementor-heading-title[class*=elementor-size-]>a{color:inherit;font-size:inherit;line-height:inherit}.elementor-widget-heading .elementor-heading-title.elementor-size-small{font-size:15px}.elementor-widget-heading .elementor-heading-title.elementor-size-medium{font-size:19px}.elementor-widget-heading .elementor-heading-title.elementor-size-large{font-size:29px}.elementor-widget-heading .elementor-heading-title.elementor-size-xl{font-size:39px}.elementor-widget-heading .elementor-heading-title.elementor-size-xxl{font-size:59px}<\/style><h2 class=\"elementor-heading-title elementor-size-default\">cer\u00e2mica<\/h2>\t\t<\/div>\n\t\t\t\t<\/div>\n\t\t\t\t<\/div>\n\t\t<div class=\"elementor-element elementor-element-9567612 e-flex e-con-boxed e-con e-parent\" data-id=\"9567612\" data-element_type=\"container\" data-settings=\"{&quot;jet_parallax_layout_list&quot;:[],&quot;content_width&quot;:&quot;boxed&quot;}\" data-core-v316-plus=\"true\">\n\t\t\t\t\t<div class=\"e-con-inner\">\n\t\t\t\t<div class=\"elementor-element elementor-element-74faaf0 elementor-widget__width-initial elementor-widget elementor-widget-text-editor\" data-id=\"74faaf0\" data-element_type=\"widget\" data-widget_type=\"text-editor.default\">\n\t\t\t\t<div class=\"elementor-widget-container\">\n\t\t\t<style>\/*! elementor - v3.19.0 - 07-02-2024 *\/\n.elementor-widget-text-editor.elementor-drop-cap-view-stacked .elementor-drop-cap{background-color:#69727d;color:#fff}.elementor-widget-text-editor.elementor-drop-cap-view-framed .elementor-drop-cap{color:#69727d;border:3px solid;background-color:transparent}.elementor-widget-text-editor:not(.elementor-drop-cap-view-default) .elementor-drop-cap{margin-top:8px}.elementor-widget-text-editor:not(.elementor-drop-cap-view-default) .elementor-drop-cap-letter{width:1em;height:1em}.elementor-widget-text-editor .elementor-drop-cap{float:left;text-align:center;line-height:1;font-size:50px}.elementor-widget-text-editor .elementor-drop-cap-letter{display:inline-block}<\/style>\t\t\t\t<p>The architect's passion for design finds artistic expression in ceramics, creating products that combine both functionality\u00a0and\u00a0beauty.<\/p><p>At the Ceramics Atelier, each piece is unique and carries with it a story of transformation, where the shapes, textures and colors convey the artist's personality\u00a0and\u00a0creativity.<\/p>\t\t\t\t\t\t<\/div>\n\t\t\t\t<\/div>\n\t\t\t\t<div class=\"elementor-element elementor-element-9bfe65c elementor-widget elementor-widget-heading\" data-id=\"9bfe65c\" data-element_type=\"widget\" data-widget_type=\"heading.default\">\n\t\t\t\t<div class=\"elementor-widget-container\">\n\t\t\t<h2 class=\"elementor-heading-title elementor-size-default\">Welcome to our atelier!<\/h2>\t\t<\/div>\n\t\t\t\t<\/div>\n\t\t\t\t<div class=\"elementor-element elementor-element-7ccbeb0 elementor-widget-tablet__width-initial elementor-widget elementor-widget-html\" data-id=\"7ccbeb0\" data-element_type=\"widget\" data-widget_type=\"html.default\">\n\t\t\t\t<div class=\"elementor-widget-container\">\n\t\t\t<div style=\"position:relative;padding-top:56.25%;\"><iframe id=\"panda-13a61a98-31ed-4d28-9bfb-684462ebdee1\" src=\"https:\/\/player-vz-445480f1-061.tv.pandavideo.com.br\/embed\/?v=13a61a98-31ed-4d28-9bfb-684462ebdee1\" style=\"border:none;position:absolute;top:0;left:0;\" allow=\"accelerometer;gyroscope;autoplay;encrypted-media;picture-in-picture\" allowfullscreen=\"true\" width=\"100%\" height=\"100%\" fetchpriority=\"high\"><\/iframe><\/div>\t\t<\/div>\n\t\t\t\t<\/div>\n\t\t\t\t\t<\/div>\n\t\t\t\t<\/div>\n\t\t<div class=\"elementor-element elementor-element-953deb0 e-con-full e-flex e-con e-parent\" data-id=\"953deb0\" data-element_type=\"container\" data-settings=\"{&quot;content_width&quot;:&quot;full&quot;,&quot;jet_parallax_layout_list&quot;:[]}\" data-core-v316-plus=\"true\">\n\t\t\t\t<div class=\"elementor-element elementor-element-2893ade elementor-widget__width-initial elementor-widget-mobile__width-inherit elementor-widget elementor-widget-image\" data-id=\"2893ade\" data-element_type=\"widget\" data-widget_type=\"image.default\">\n\t\t\t\t<div class=\"elementor-widget-container\">\n\t\t\t<style>\/*! elementor - v3.19.0 - 07-02-2024 *\/\n.elementor-widget-image{text-align:center}.elementor-widget-image a{display:inline-block}.elementor-widget-image a img[src$=\".svg\"]{width:48px}.elementor-widget-image img{vertical-align:middle;display:inline-block}<\/style>\t\t\t\t\t\t\t\t\t\t\t<a href=\"https:\/\/carla-tavares.com\/wp-content\/uploads\/2023\/12\/1-1-1.webp\" data-elementor-open-lightbox=\"yes\" data-elementor-lightbox-title=\"1 (1) (1)\" data-e-action-hash=\"#elementor-action%3Aaction%3Dlightbox%26settings%3DeyJpZCI6MjU0LCJ1cmwiOiJodHRwczpcL1wvY2FybGEtdGF2YXJlcy5jb21cL3dwLWNvbnRlbnRcL3VwbG9hZHNcLzIwMjNcLzEyXC8xLTEtMS53ZWJwIn0%3D\">\n\t\t\t\t\t\t\t<img fetchpriority=\"high\" decoding=\"async\" width=\"800\" height=\"827\" src=\"https:\/\/carla-tavares.com\/wp-content\/uploads\/2023\/12\/1-1-1-990x1024.webp\" class=\"attachment-large size-large wp-image-254\" alt=\"\" srcset=\"https:\/\/carla-tavares.com\/wp-content\/uploads\/2023\/12\/1-1-1-990x1024.webp 990w, https:\/\/carla-tavares.com\/wp-content\/uploads\/2023\/12\/1-1-1-290x300.webp 290w, https:\/\/carla-tavares.com\/wp-content\/uploads\/2023\/12\/1-1-1-768x794.webp 768w, https:\/\/carla-tavares.com\/wp-content\/uploads\/2023\/12\/1-1-1.webp 1050w\" sizes=\"(max-width: 800px) 100vw, 800px\" \/>\t\t\t\t\t\t\t\t<\/a>\n\t\t\t\t\t\t\t\t\t\t\t\t\t<\/div>\n\t\t\t\t<\/div>\n\t\t\t\t<div class=\"elementor-element elementor-element-ff387bd elementor-widget__width-initial elementor-widget-mobile__width-inherit elementor-widget elementor-widget-image\" data-id=\"ff387bd\" data-element_type=\"widget\" data-widget_type=\"image.default\">\n\t\t\t\t<div class=\"elementor-widget-container\">\n\t\t\t\t\t\t\t\t\t\t\t\t\t\t<a href=\"https:\/\/carla-tavares.com\/wp-content\/uploads\/2023\/12\/2-1-1.webp\" data-elementor-open-lightbox=\"yes\" data-elementor-lightbox-title=\"2 (1) (1)\" data-e-action-hash=\"#elementor-action%3Aaction%3Dlightbox%26settings%3DeyJpZCI6MjUzLCJ1cmwiOiJodHRwczpcL1wvY2FybGEtdGF2YXJlcy5jb21cL3dwLWNvbnRlbnRcL3VwbG9hZHNcLzIwMjNcLzEyXC8yLTEtMS53ZWJwIn0%3D\">\n\t\t\t\t\t\t\t<img decoding=\"async\" width=\"800\" height=\"613\" src=\"https:\/\/carla-tavares.com\/wp-content\/uploads\/2023\/12\/2-1-1-1024x785.webp\" class=\"attachment-large size-large wp-image-253\" alt=\"\" srcset=\"https:\/\/carla-tavares.com\/wp-content\/uploads\/2023\/12\/2-1-1-1024x785.webp 1024w, https:\/\/carla-tavares.com\/wp-content\/uploads\/2023\/12\/2-1-1-300x230.webp 300w, https:\/\/carla-tavares.com\/wp-content\/uploads\/2023\/12\/2-1-1-768x589.webp 768w, https:\/\/carla-tavares.com\/wp-content\/uploads\/2023\/12\/2-1-1.webp 1416w\" sizes=\"(max-width: 800px) 100vw, 800px\" \/>\t\t\t\t\t\t\t\t<\/a>\n\t\t\t\t\t\t\t\t\t\t\t\t\t<\/div>\n\t\t\t\t<\/div>\n\t\t\t\t<div class=\"elementor-element elementor-element-96bf383 elementor-widget__width-initial elementor-widget-mobile__width-inherit elementor-widget elementor-widget-image\" data-id=\"96bf383\" data-element_type=\"widget\" data-widget_type=\"image.default\">\n\t\t\t\t<div class=\"elementor-widget-container\">\n\t\t\t\t\t\t\t\t\t\t\t\t\t\t<a href=\"https:\/\/carla-tavares.com\/wp-content\/uploads\/2023\/12\/ceramica-3.webp\" data-elementor-open-lightbox=\"yes\" data-elementor-lightbox-title=\"ceramica (3)\" data-e-action-hash=\"#elementor-action%3Aaction%3Dlightbox%26settings%3DeyJpZCI6MjY1LCJ1cmwiOiJodHRwczpcL1wvY2FybGEtdGF2YXJlcy5jb21cL3dwLWNvbnRlbnRcL3VwbG9hZHNcLzIwMjNcLzEyXC9jZXJhbWljYS0zLndlYnAifQ%3D%3D\">\n\t\t\t\t\t\t\t<img decoding=\"async\" width=\"800\" height=\"613\" src=\"https:\/\/carla-tavares.com\/wp-content\/uploads\/2023\/12\/ceramica-3-1024x785.webp\" class=\"attachment-large size-large wp-image-265\" alt=\"\" srcset=\"https:\/\/carla-tavares.com\/wp-content\/uploads\/2023\/12\/ceramica-3-1024x785.webp 1024w, https:\/\/carla-tavares.com\/wp-content\/uploads\/2023\/12\/ceramica-3-300x230.webp 300w, https:\/\/carla-tavares.com\/wp-content\/uploads\/2023\/12\/ceramica-3-768x589.webp 768w, https:\/\/carla-tavares.com\/wp-content\/uploads\/2023\/12\/ceramica-3.webp 1416w\" sizes=\"(max-width: 800px) 100vw, 800px\" \/>\t\t\t\t\t\t\t\t<\/a>\n\t\t\t\t\t\t\t\t\t\t\t\t\t<\/div>\n\t\t\t\t<\/div>\n\t\t\t\t<div class=\"elementor-element elementor-element-cc5026b elementor-widget__width-initial elementor-widget-mobile__width-inherit elementor-widget elementor-widget-image\" data-id=\"cc5026b\" data-element_type=\"widget\" data-widget_type=\"image.default\">\n\t\t\t\t<div class=\"elementor-widget-container\">\n\t\t\t\t\t\t\t\t\t\t\t\t\t\t<a href=\"https:\/\/carla-tavares.com\/wp-content\/uploads\/2023\/12\/ceramica-4.webp\" data-elementor-open-lightbox=\"yes\" data-elementor-lightbox-title=\"ceramica (4)\" data-e-action-hash=\"#elementor-action%3Aaction%3Dlightbox%26settings%3DeyJpZCI6MjY2LCJ1cmwiOiJodHRwczpcL1wvY2FybGEtdGF2YXJlcy5jb21cL3dwLWNvbnRlbnRcL3VwbG9hZHNcLzIwMjNcLzEyXC9jZXJhbWljYS00LndlYnAifQ%3D%3D\">\n\t\t\t\t\t\t\t<img loading=\"lazy\" decoding=\"async\" width=\"800\" height=\"827\" src=\"https:\/\/carla-tavares.com\/wp-content\/uploads\/2023\/12\/ceramica-4-990x1024.webp\" class=\"attachment-large size-large wp-image-266\" alt=\"\" srcset=\"https:\/\/carla-tavares.com\/wp-content\/uploads\/2023\/12\/ceramica-4-990x1024.webp 990w, https:\/\/carla-tavares.com\/wp-content\/uploads\/2023\/12\/ceramica-4-290x300.webp 290w, https:\/\/carla-tavares.com\/wp-content\/uploads\/2023\/12\/ceramica-4-768x794.webp 768w, https:\/\/carla-tavares.com\/wp-content\/uploads\/2023\/12\/ceramica-4.webp 1050w\" sizes=\"(max-width: 800px) 100vw, 800px\" \/>\t\t\t\t\t\t\t\t<\/a>\n\t\t\t\t\t\t\t\t\t\t\t\t\t<\/div>\n\t\t\t\t<\/div>\n\t\t\t\t<div class=\"elementor-element elementor-element-777165a elementor-widget__width-initial elementor-widget-mobile__width-inherit elementor-widget elementor-widget-image\" data-id=\"777165a\" data-element_type=\"widget\" data-widget_type=\"image.default\">\n\t\t\t\t<div class=\"elementor-widget-container\">\n\t\t\t\t\t\t\t\t\t\t\t\t\t\t<a href=\"https:\/\/carla-tavares.com\/wp-content\/uploads\/2023\/12\/ceramica-5.webp\" data-elementor-open-lightbox=\"yes\" data-elementor-lightbox-title=\"ceramica (5)\" data-e-action-hash=\"#elementor-action%3Aaction%3Dlightbox%26settings%3DeyJpZCI6MjY3LCJ1cmwiOiJodHRwczpcL1wvY2FybGEtdGF2YXJlcy5jb21cL3dwLWNvbnRlbnRcL3VwbG9hZHNcLzIwMjNcLzEyXC9jZXJhbWljYS01LndlYnAifQ%3D%3D\">\n\t\t\t\t\t\t\t<img loading=\"lazy\" decoding=\"async\" width=\"800\" height=\"827\" src=\"https:\/\/carla-tavares.com\/wp-content\/uploads\/2023\/12\/ceramica-5-990x1024.webp\" class=\"attachment-large size-large wp-image-267\" alt=\"\" srcset=\"https:\/\/carla-tavares.com\/wp-content\/uploads\/2023\/12\/ceramica-5-990x1024.webp 990w, https:\/\/carla-tavares.com\/wp-content\/uploads\/2023\/12\/ceramica-5-290x300.webp 290w, https:\/\/carla-tavares.com\/wp-content\/uploads\/2023\/12\/ceramica-5-768x794.webp 768w, https:\/\/carla-tavares.com\/wp-content\/uploads\/2023\/12\/ceramica-5.webp 1050w\" sizes=\"(max-width: 800px) 100vw, 800px\" \/>\t\t\t\t\t\t\t\t<\/a>\n\t\t\t\t\t\t\t\t\t\t\t\t\t<\/div>\n\t\t\t\t<\/div>\n\t\t\t\t<div class=\"elementor-element elementor-element-6573882 elementor-widget__width-initial elementor-widget-mobile__width-inherit elementor-widget elementor-widget-image\" data-id=\"6573882\" data-element_type=\"widget\" data-widget_type=\"image.default\">\n\t\t\t\t<div class=\"elementor-widget-container\">\n\t\t\t\t\t\t\t\t\t\t\t\t\t\t<a href=\"https:\/\/carla-tavares.com\/wp-content\/uploads\/2023\/12\/ceramica-6.webp\" data-elementor-open-lightbox=\"yes\" data-elementor-lightbox-title=\"ceramica (6)\" data-e-action-hash=\"#elementor-action%3Aaction%3Dlightbox%26settings%3DeyJpZCI6MjY4LCJ1cmwiOiJodHRwczpcL1wvY2FybGEtdGF2YXJlcy5jb21cL3dwLWNvbnRlbnRcL3VwbG9hZHNcLzIwMjNcLzEyXC9jZXJhbWljYS02LndlYnAifQ%3D%3D\">\n\t\t\t\t\t\t\t<img loading=\"lazy\" decoding=\"async\" width=\"800\" height=\"613\" src=\"https:\/\/carla-tavares.com\/wp-content\/uploads\/2023\/12\/ceramica-6-1024x785.webp\" class=\"attachment-large size-large wp-image-268\" alt=\"\" srcset=\"https:\/\/carla-tavares.com\/wp-content\/uploads\/2023\/12\/ceramica-6-1024x785.webp 1024w, https:\/\/carla-tavares.com\/wp-content\/uploads\/2023\/12\/ceramica-6-300x230.webp 300w, https:\/\/carla-tavares.com\/wp-content\/uploads\/2023\/12\/ceramica-6-768x589.webp 768w, https:\/\/carla-tavares.com\/wp-content\/uploads\/2023\/12\/ceramica-6.webp 1416w\" sizes=\"(max-width: 800px) 100vw, 800px\" \/>\t\t\t\t\t\t\t\t<\/a>\n\t\t\t\t\t\t\t\t\t\t\t\t\t<\/div>\n\t\t\t\t<\/div>\n\t\t\t\t<div class=\"elementor-element elementor-element-35d473a elementor-widget__width-initial elementor-widget-mobile__width-inherit elementor-widget elementor-widget-image\" data-id=\"35d473a\" data-element_type=\"widget\" data-widget_type=\"image.default\">\n\t\t\t\t<div class=\"elementor-widget-container\">\n\t\t\t\t\t\t\t\t\t\t\t\t\t\t<a href=\"https:\/\/carla-tavares.com\/wp-content\/uploads\/2023\/12\/ceramica-7.webp\" data-elementor-open-lightbox=\"yes\" data-elementor-lightbox-title=\"ceramica (7)\" data-e-action-hash=\"#elementor-action%3Aaction%3Dlightbox%26settings%3DeyJpZCI6MjY5LCJ1cmwiOiJodHRwczpcL1wvY2FybGEtdGF2YXJlcy5jb21cL3dwLWNvbnRlbnRcL3VwbG9hZHNcLzIwMjNcLzEyXC9jZXJhbWljYS03LndlYnAifQ%3D%3D\">\n\t\t\t\t\t\t\t<img loading=\"lazy\" decoding=\"async\" width=\"800\" height=\"613\" src=\"https:\/\/carla-tavares.com\/wp-content\/uploads\/2023\/12\/ceramica-7-1024x785.webp\" class=\"attachment-large size-large wp-image-269\" alt=\"\" srcset=\"https:\/\/carla-tavares.com\/wp-content\/uploads\/2023\/12\/ceramica-7-1024x785.webp 1024w, https:\/\/carla-tavares.com\/wp-content\/uploads\/2023\/12\/ceramica-7-300x230.webp 300w, https:\/\/carla-tavares.com\/wp-content\/uploads\/2023\/12\/ceramica-7-768x589.webp 768w, https:\/\/carla-tavares.com\/wp-content\/uploads\/2023\/12\/ceramica-7.webp 1416w\" sizes=\"(max-width: 800px) 100vw, 800px\" \/>\t\t\t\t\t\t\t\t<\/a>\n\t\t\t\t\t\t\t\t\t\t\t\t\t<\/div>\n\t\t\t\t<\/div>\n\t\t\t\t<div class=\"elementor-element elementor-element-ef37a33 elementor-widget__width-initial elementor-widget-mobile__width-inherit elementor-widget elementor-widget-image\" data-id=\"ef37a33\" data-element_type=\"widget\" data-widget_type=\"image.default\">\n\t\t\t\t<div class=\"elementor-widget-container\">\n\t\t\t\t\t\t\t\t\t\t\t\t\t\t<a href=\"https:\/\/carla-tavares.com\/wp-content\/uploads\/2023\/12\/ceramica-8.webp\" data-elementor-open-lightbox=\"yes\" data-elementor-lightbox-title=\"ceramica (8)\" data-e-action-hash=\"#elementor-action%3Aaction%3Dlightbox%26settings%3DeyJpZCI6MjcwLCJ1cmwiOiJodHRwczpcL1wvY2FybGEtdGF2YXJlcy5jb21cL3dwLWNvbnRlbnRcL3VwbG9hZHNcLzIwMjNcLzEyXC9jZXJhbWljYS04LndlYnAifQ%3D%3D\">\n\t\t\t\t\t\t\t<img loading=\"lazy\" decoding=\"async\" width=\"800\" height=\"827\" src=\"https:\/\/carla-tavares.com\/wp-content\/uploads\/2023\/12\/ceramica-8-990x1024.webp\" class=\"attachment-large size-large wp-image-270\" alt=\"\" srcset=\"https:\/\/carla-tavares.com\/wp-content\/uploads\/2023\/12\/ceramica-8-990x1024.webp 990w, https:\/\/carla-tavares.com\/wp-content\/uploads\/2023\/12\/ceramica-8-290x300.webp 290w, https:\/\/carla-tavares.com\/wp-content\/uploads\/2023\/12\/ceramica-8-768x794.webp 768w, https:\/\/carla-tavares.com\/wp-content\/uploads\/2023\/12\/ceramica-8.webp 1050w\" sizes=\"(max-width: 800px) 100vw, 800px\" \/>\t\t\t\t\t\t\t\t<\/a>\n\t\t\t\t\t\t\t\t\t\t\t\t\t<\/div>\n\t\t\t\t<\/div>\n\t\t\t\t<div class=\"elementor-element elementor-element-c7315e3 elementor-widget__width-initial elementor-widget-mobile__width-inherit elementor-widget elementor-widget-image\" data-id=\"c7315e3\" data-element_type=\"widget\" data-widget_type=\"image.default\">\n\t\t\t\t<div class=\"elementor-widget-container\">\n\t\t\t\t\t\t\t\t\t\t\t\t\t\t<a href=\"https:\/\/carla-tavares.com\/wp-content\/uploads\/2023\/12\/ceramica-9.webp\" data-elementor-open-lightbox=\"yes\" data-elementor-lightbox-title=\"ceramica (9)\" data-e-action-hash=\"#elementor-action%3Aaction%3Dlightbox%26settings%3DeyJpZCI6MjcxLCJ1cmwiOiJodHRwczpcL1wvY2FybGEtdGF2YXJlcy5jb21cL3dwLWNvbnRlbnRcL3VwbG9hZHNcLzIwMjNcLzEyXC9jZXJhbWljYS05LndlYnAifQ%3D%3D\">\n\t\t\t\t\t\t\t<img loading=\"lazy\" decoding=\"async\" width=\"800\" height=\"827\" src=\"https:\/\/carla-tavares.com\/wp-content\/uploads\/2023\/12\/ceramica-9-990x1024.webp\" class=\"attachment-large size-large wp-image-271\" alt=\"\" srcset=\"https:\/\/carla-tavares.com\/wp-content\/uploads\/2023\/12\/ceramica-9-990x1024.webp 990w, https:\/\/carla-tavares.com\/wp-content\/uploads\/2023\/12\/ceramica-9-290x300.webp 290w, https:\/\/carla-tavares.com\/wp-content\/uploads\/2023\/12\/ceramica-9-768x794.webp 768w, https:\/\/carla-tavares.com\/wp-content\/uploads\/2023\/12\/ceramica-9.webp 1050w\" sizes=\"(max-width: 800px) 100vw, 800px\" \/>\t\t\t\t\t\t\t\t<\/a>\n\t\t\t\t\t\t\t\t\t\t\t\t\t<\/div>\n\t\t\t\t<\/div>\n\t\t\t\t<div class=\"elementor-element elementor-element-bf684f8 elementor-widget__width-initial elementor-widget-mobile__width-inherit elementor-widget elementor-widget-image\" data-id=\"bf684f8\" data-element_type=\"widget\" data-widget_type=\"image.default\">\n\t\t\t\t<div class=\"elementor-widget-container\">\n\t\t\t\t\t\t\t\t\t\t\t\t\t\t<a href=\"https:\/\/carla-tavares.com\/wp-content\/uploads\/2023\/12\/ceramica-10.webp\" data-elementor-open-lightbox=\"yes\" data-elementor-lightbox-title=\"ceramica (10)\" data-e-action-hash=\"#elementor-action%3Aaction%3Dlightbox%26settings%3DeyJpZCI6MjcyLCJ1cmwiOiJodHRwczpcL1wvY2FybGEtdGF2YXJlcy5jb21cL3dwLWNvbnRlbnRcL3VwbG9hZHNcLzIwMjNcLzEyXC9jZXJhbWljYS0xMC53ZWJwIn0%3D\">\n\t\t\t\t\t\t\t<img loading=\"lazy\" decoding=\"async\" width=\"800\" height=\"613\" src=\"https:\/\/carla-tavares.com\/wp-content\/uploads\/2023\/12\/ceramica-10-1024x785.webp\" class=\"attachment-large size-large wp-image-272\" alt=\"\" srcset=\"https:\/\/carla-tavares.com\/wp-content\/uploads\/2023\/12\/ceramica-10-1024x785.webp 1024w, https:\/\/carla-tavares.com\/wp-content\/uploads\/2023\/12\/ceramica-10-300x230.webp 300w, https:\/\/carla-tavares.com\/wp-content\/uploads\/2023\/12\/ceramica-10-768x589.webp 768w, https:\/\/carla-tavares.com\/wp-content\/uploads\/2023\/12\/ceramica-10.webp 1416w\" sizes=\"(max-width: 800px) 100vw, 800px\" \/>\t\t\t\t\t\t\t\t<\/a>\n\t\t\t\t\t\t\t\t\t\t\t\t\t<\/div>\n\t\t\t\t<\/div>\n\t\t\t\t<\/div>\n\t\t\t\t<\/div>","protected":false},"excerpt":{"rendered":"<p>cer\u00e2mica Apaixonada por design, a arquiteta encontrou na cer\u00e2mica um meio de express\u00e3o art\u00edstica na qual une funcionalidade e beleza. No Atelier de cer\u00e2mica cada pe\u00e7a \u00e9 \u00fanica e carrega consigo uma hist\u00f3ria de transforma\u00e7\u00e3o, onde as formas, texturas e cores transmitem a personalidade e criatividade da artista. Bem-vindo ao nosso atelier!<\/p>","protected":false},"author":1,"featured_media":0,"parent":0,"menu_order":0,"comment_status":"closed","ping_status":"closed","template":"","meta":{"footnotes":""},"_links":{"self":[{"href":"https:\/\/carla-tavares.com\/en\/wp-json\/wp\/v2\/pages\/25"}],"collection":[{"href":"https:\/\/carla-tavares.com\/en\/wp-json\/wp\/v2\/pages"}],"about":[{"href":"https:\/\/carla-tavares.com\/en\/wp-json\/wp\/v2\/types\/page"}],"author":[{"embeddable":true,"href":"https:\/\/carla-tavares.com\/en\/wp-json\/wp\/v2\/users\/1"}],"replies":[{"embeddable":true,"href":"https:\/\/carla-tavares.com\/en\/wp-json\/wp\/v2\/comments?post=25"}],"version-history":[{"count":52,"href":"https:\/\/carla-tavares.com\/en\/wp-json\/wp\/v2\/pages\/25\/revisions"}],"predecessor-version":[{"id":1087,"href":"https:\/\/carla-tavares.com\/en\/wp-json\/wp\/v2\/pages\/25\/revisions\/1087"}],"wp:attachment":[{"href":"https:\/\/carla-tavares.com\/en\/wp-json\/wp\/v2\/media?parent=25"}],"curies":[{"name":"wp","href":"https:\/\/api.w.org\/{rel}","templated":true}]}}